{"id":47,"date":"2019-05-09T07:16:56","date_gmt":"2019-05-09T07:16:56","guid":{"rendered":"http:\/\/ferienwohnung-voelklingen-city.de\/?page_id=47"},"modified":"2023-08-08T11:41:14","modified_gmt":"2023-08-08T11:41:14","slug":"ferienwohnung-in-voelklingen-city","status":"publish","type":"page","link":"http:\/\/ferienwohnung-voelklingen-city.de\/","title":{"rendered":"Ferienwohnung in V\u00f6lklingen City"},"content":{"rendered":"<div id=\"pbuilder_wrapper\">\n<div id=\"pbuilder_content_wrapper\">\n<div id=\"pbuilder_content\">\n<div class=\"pbuilder_row pbuilder_row_id_9\" data-rowtype=\"0\" data-rowid=\"9\">\n<div class=\"pbuilder_row_colwrapper\" style=\"padding: 0px 0px 0px 0px;\">\n<div class=\"pbuilder_column pbuilder_column-1-1\" data-colnumber=\"0\">\n<div class=\" pbuilder_column_inner pbuilder_droppable\">\n<div class=\"pbuilder_module\" data-shortcode=\"image\" data-modid=\"0\">\n<style type=\"text\/css\" scoped=\"scoped\">#frb_image_2015239361.frb_onScreen.frb_animated {-webkit-animation-duration: 1000ms; animation-duration: 1000ms;}#frb_image_2015239361.frb_onScreen.frb_hinge {-webkit-animation-duration: 2000ms; animation-duration: 2000ms;}<\/style>\n<style type=\"text\/css\" scoped=\"scoped\">#frb_image_2015239361 .frb_image_hover {background:#000000;}<\/style>\n<div id=\"frb_image_2015239361\" class=\"\">\n<div class=\"frb_image\"><span style=\"text-align: center; width: 100%; display: block;\"><span class=\"frb_image_inner frb_image_border \" data-bordercolor=\"#376a6e\" data-borderhover=\"#376a6e\"><br \/>\n<img decoding=\"async\" id=\"\" class=\" frb_image_flat\" style=\"margin: 0px 0px 0px 0px; padding: 0px 0px 0px 0px; border: none; box-sizing: border-box; margin-left: auto; margin-right: auto;\" title=\"Ferienwohnungen-in-Voelklingen-City\" src=\"http:\/\/ferienwohnung-voelklingen-city.de\/wp-content\/uploads\/2019\/05\/Ferienwohnungen-in-Voelklingen22-1.png\" alt=\"Ferienwohung in V\u00f6lklingen City\" \/><br \/>\n<i class=\"frb_icon fa fa-search\" style=\"line-height: 30px; font-size: 30px; height: 30px; width: 30px; margin: -15px;\"><\/i><\/span><\/span><\/div>\n<\/div>\n<style><\/style>\n<\/div>\n<\/div>\n<\/div>\n<div style=\"clear: both;\"><\/div>\n<\/div>\n<\/div>\n<style><\/style>\n<div class=\"pbuilder_row pbuilder_row_id_11\" data-rowtype=\"0\" data-rowid=\"11\">\n<div class=\"pbuilder_row_colwrapper\" style=\"padding: 0px 0px 0px 0px;\">\n<div class=\"pbuilder_column pbuilder_column-1-1\" data-colnumber=\"0\">\n<div class=\" pbuilder_column_inner pbuilder_droppable\">\n<div class=\"pbuilder_module\" data-shortcode=\"menu\" data-modid=\"28\">\n<div id=\"#frb_menu135446652\" class=\"\" style=\"margin: 0px 0px 36px 0px; padding: 0px 0px 0px 0px; border: none; ; box-sizing: border-box;\">\n<style type=\"text\/css\" scoped=\"\">\n\t\t#frb_menu135446652 {<br \/>\n\t\t\tbackground:;<br \/>\n\t\t}<br \/>\n\t\t#frb_menu135446652 ul.frb_menu a {<br \/>\n\t\t\tcolor:rgb(21, 11, 246);<br \/>\n\t\t}<br \/>\n\t\t#frb_menu135446652 ul.frb_menu ul.sub-menu a {<br \/>\n\t\t\tcolor:rgb(34, 15, 248);<br \/>\n\t\t}<br \/>\n\t\t#frb_menu135446652 .frb_menu_header {<br \/>\n\t\t\tcolor:rgb(21, 11, 246);<br \/>\n\t\t\tborder-bottom:1px solid #27a8e1;<br \/>\n\t\t}<br \/>\n\t\t#frb_menu135446652 ul.frb_menu ul.sub-menu li {<br \/>\n\t\t\tbackground:#f4f4f4;<br \/>\n\t\t}<br \/>\n\t\t#frb_menu135446652 ul.frb_menu.frb_menu_horizontal-clean ul.sub-menu:before {<br \/>\n\t\t\tborder-bottom-color:#27a8e1;<br \/>\n\t\t}<br \/>\n\t\t#frb_menu135446652 ul.frb_menu.frb_menu_horizontal-clean ul.sub-menu:after {<br \/>\n\t\t\tborder-bottom-color:#f4f4f4;<br \/>\n\t\t}<br \/>\n\t\t#frb_menu135446652 ul.frb_menu.frb_menu_horizontal-clean ul.sub-menu a {<br \/>\n\t\t\tborder-top:1px solid #ebecee;<br \/>\n\t\t}<br \/>\n\t\t#frb_menu135446652 ul.frb_menu.frb_menu_horizontal-clean ul.sub-menu li:first-child a {<br \/>\n\t\t\tborder-top:1px solid #27a8e1;<br \/>\n\t\t}<br \/>\n\t\t#frb_menu135446652 ul.frb_menu.frb_menu_horizontal-squared ul.sub-menu:before,<br \/>\n\t\t#frb_menu135446652 ul.frb_menu.frb_menu_horizontal-squared ul.sub-menu:after,<br \/>\n\t\t#frb_menu135446652 ul.frb_menu.frb_menu_horizontal-rounded ul.sub-menu:before,<br \/>\n\t\t#frb_menu135446652 ul.frb_menu.frb_menu_horizontal-rounded ul.sub-menu:after {<br \/>\n\t\t\tborder-bottom-color:#f4f4f4;<br \/>\n\t\t}<br \/>\n\t\t#frb_menu135446652.frb_menu_container_vertical-clean .frb_menu_header,<br \/>\n\t\t#frb_menu135446652.frb_menu_container_vertical-squared .frb_menu_header,<br \/>\n\t\t#frb_menu135446652.frb_menu_container_vertical-rounded .frb_menu_header{<br \/>\n\t\t\tcolor:rgb(21, 11, 246);<br \/>\n\t\t}<br \/>\n\t\t#frb_menu135446652.frb_menu_container_vertical-clean ul.frb_menu,<br \/>\n\t\t#frb_menu135446652.frb_menu_container_vertical-squared ul.frb_menu,<br \/>\n\t\t#frb_menu135446652.frb_menu_container_vertical-rounded ul.frb_menu {<br \/>\n\t\t\tbackground:#f4f4f4;<br \/>\n\t\t}<br \/>\n\t\t#frb_menu135446652.frb_menu_container_vertical-clean ul.frb_menu a,<br \/>\n\t\t#frb_menu135446652.frb_menu_container_vertical-squared ul.frb_menu a,<br \/>\n\t\t#frb_menu135446652.frb_menu_container_vertical-rounded ul.frb_menu a{<br \/>\n        \tcolor:rgb(21, 11, 246);<br \/>\n        }<br \/>\n\t\t#frb_menu135446652.frb_menu_container_vertical-clean ul.frb_menu ul.sub-menu a,<br \/>\n\t\t#frb_menu135446652.frb_menu_container_vertical-squared ul.frb_menu ul.sub-menu a,<br \/>\n\t\t#frb_menu135446652.frb_menu_container_vertical-rounded ul.frb_menu ul.sub-menu a  {<br \/>\n\t\t\tcolor:rgb(34, 15, 248);<br \/>\n\t\t}<br \/>\n\t\t#frb_menu135446652 ul.frb_menu.frb_menu_vertical-clean a,<br \/>\n\t\t#frb_menu135446652 ul.frb_menu.frb_menu_vertical-squared a,<br \/>\n\t\t#frb_menu135446652 ul.frb_menu.frb_menu_vertical-rounded a,<br \/>\n\t\t#frb_menu135446652 ul.frb_menu.frb_menu_vertical-clean > li > ul.sub-menu,<br \/>\n\t\t#frb_menu135446652 ul.frb_menu.frb_menu_vertical-squared > li > ul.sub-menu,<br \/>\n\t\t#frb_menu135446652 ul.frb_menu.frb_menu_vertical-rounded > li > ul.sub-menu {<br \/>\n\t\t\tborder-top:1px solid #ebecee;<br \/>\n\t\t}<br \/>\n\t\t#frb_menu135446652 ul.frb_menu.frb_menu_vertical-clean li:first-child a,<br \/>\n\t\t#frb_menu135446652 ul.frb_menu.frb_menu_vertical-squared li:first-child a,<br \/>\n\t\t#frb_menu135446652 ul.frb_menu.frb_menu_vertical-rounded li:first-child a,<br \/>\n\t\t#frb_menu135446652 ul.frb_menu.frb_menu_vertical-clean ul.sub-menu a,<br \/>\n\t\t#frb_menu135446652 ul.frb_menu.frb_menu_vertical-squared ul.sub-menu a,<br \/>\n\t\t#frb_menu135446652 ul.frb_menu.frb_menu_vertical-rounded ul.sub-menu a {<br \/>\n\t\t\tborder-top:0;<br \/>\n\t\t}<br \/>\n\t\t#frb_menu135446652.frb_menu_container_dropdown-clean .frb_menu_header,<br \/>\n\t\t#frb_menu135446652.frb_menu_container_dropdown-squared .frb_menu_header,<br \/>\n\t\t#frb_menu135446652.frb_menu_container_dropdown-rounded .frb_menu_header {<br \/>\n\t\t\tcolor:rgb(21, 11, 246);<br \/>\n\t\t\tborder:0;<br \/>\n\t\t}<br \/>\n\t\t#frb_menu135446652.frb_menu_container_dropdown-clean .frb_menu_header:before,<br \/>\n\t\t#frb_menu135446652.frb_menu_container_dropdown-squared .frb_menu_header:before,<br \/>\n\t\t#frb_menu135446652.frb_menu_container_dropdown-rounded .frb_menu_header:before {<br \/>\n\t\t\tbackground:rgb(21, 11, 246);<br \/>\n\t\t}<br \/>\n\t\t#frb_menu135446652.frb_menu_container_dropdown-clean .frb_menu_header:after,<br \/>\n\t\t#frb_menu135446652.frb_menu_container_dropdown-squared .frb_menu_header:after,<br \/>\n\t\t#frb_menu135446652.frb_menu_container_dropdown-rounded .frb_menu_header:after {<br \/>\n\t\t\tborder-top-color:rgb(21, 11, 246);<br \/>\n\t\t}<br \/>\n\t\t#frb_menu135446652.frb_menu_container_dropdown-clean ul.frb_menu:before {<br \/>\n\t\t\tborder-bottom-color:#27a8e1;<br \/>\n\t\t}<br \/>\n\t\t#frb_menu135446652.frb_menu_container_dropdown-clean ul.frb_menu:after {<br \/>\n\t\t\tborder-bottom-color:#f4f4f4;<br \/>\n\t\t}<br \/>\n\t\t#frb_menu135446652.frb_menu_container_dropdown-squared ul.frb_menu:before,<br \/>\n\t\t#frb_menu135446652.frb_menu_container_dropdown-squared ul.frb_menu:after,<br \/>\n\t\t#frb_menu135446652.frb_menu_container_dropdown-rounded ul.frb_menu:before,<br \/>\n\t\t#frb_menu135446652.frb_menu_container_dropdown-rounded ul.frb_menu:after {<br \/>\n\t\t\tborder-bottom-color:#f4f4f4;<br \/>\n\t\t}<br \/>\n\t\t#frb_menu135446652.frb_menu_container_dropdown-clean ul.frb_menu li,<br \/>\n\t\t#frb_menu135446652.frb_menu_container_dropdown-squared ul.frb_menu li,<br \/>\n\t\t#frb_menu135446652.frb_menu_container_dropdown-rounded ul.frb_menu li {<br \/>\n\t\t\tbackground:#f4f4f4;<br \/>\n\t\t}<br \/>\n\t\t#frb_menu135446652.frb_menu_container_dropdown-clean ul.frb_menu li a {<br \/>\n\t\t\tcolor:rgb(34, 15, 248);<br \/>\n\t\t\tborder-top:1px solid #ebecee;<br \/>\n\t\t}<br \/>\n\t\t#frb_menu135446652.frb_menu_container_dropdown-squared ul.frb_menu li a,<br \/>\n\t\t#frb_menu135446652.frb_menu_container_dropdown-rounded ul.frb_menu li a {<br \/>\n\t\t\tcolor:rgb(34, 15, 248);<br \/>\n\t\t}<br \/>\n\t\t#frb_menu135446652.frb_menu_container_dropdown-squared ul.frb_menu li a,<br \/>\n\t\t#frb_menu135446652.frb_menu_container_dropdown-rounded ul.frb_menu li a {<br \/>\n\t\t\tcolor:rgb(34, 15, 248);<br \/>\n\t\t}<br \/>\n\t\t#frb_menu135446652.frb_menu_container_dropdown-clean ul.frb_menu li:first-child a {<br \/>\n\t\t\tborder-top:1px solid #27a8e1;<br \/>\n\t\t}<br \/>\n\t<\/style>\n<style type=\"text\/css\" scoped=\"\">#frb_menu135446652.frb_onScreen.frb_animated {-webkit-animation-duration: 1000ms; animation-duration: 1000ms;}#frb_menu135446652.frb_onScreen.frb_hinge {-webkit-animation-duration: 2000ms; animation-duration: 2000ms;}<\/style>\n<\/div>\n<\/div>\n<\/div>\n<\/div>\n<div style=\"clear: both;\"><\/div>\n<\/div>\n<\/div>\n<style><\/style>\n<div class=\"pbuilder_row pbuilder_row_id_1\" style=\"border: none;\" data-rowtype=\"0\" data-rowid=\"1\">\n<div class=\"pbuilder_row_colwrapper\" style=\"margin-top: 36px; padding: 10px 20px 10px 20px;\">\n<div class=\"pbuilder_column pbuilder_column-1-1\" data-colnumber=\"0\">\n<div class=\"pbuilder_column_background\"><\/div>\n<div class=\" pbuilder_column_inner pbuilder_droppable\">\n<div class=\"pbuilder_module\" data-shortcode=\"text\" data-modid=\"7\">\n<style type=\"text\/css\" scoped=\"scoped\">\n    #frb_text_1164496824, #frb_text_1164496824 *{letter-spacing:0px;}<br \/>\n    #frb_text_1164496824 a{color: #111111;}<br \/>\n    #frb_text_1164496824 a:hover{color: #444444;}@media only screen and (max-width : 768px) {<br \/>\n        #frb_text_1164496824{font-size:12px !important;}<br \/>\n        #frb_text_1164496824 .frb_button_icon{font-size:26px !important;}<br \/>\n      }<\/style>\n<style type=\"text\/css\" scoped=\"scoped\">#frb_text_1164496824.frb_onScreen.frb_animated {-webkit-animation-duration: 1000ms; animation-duration: 1000ms;}#frb_text_1164496824.frb_onScreen.frb_hinge {-webkit-animation-duration: 2000ms; animation-duration: 2000ms;}<\/style>\n<div id=\"frb_text_1164496824\" class=\"\" style=\"margin: 36px 0px 10px 0px; padding: 0px 0px 0px 0px; border: none; text-align: left; font-size: 30px; line-height: 40px;\">\n<div class=\"frb_text\" style=\"color: #111111;\"><strong>Ferienwohnung oder Monteurwohnung im Herzen der Stadt V\u00f6lklingen Saarland <\/strong><\/div>\n<\/div>\n<\/div>\n<div class=\"pbuilder_module\" data-shortcode=\"separator\" data-modid=\"21\">\n<style type=\"text\/css\" scoped=\"scoped\">#frb_separator_21228132.frb_onScreen.frb_animated {-webkit-animation-duration: 1000ms; animation-duration: 1000ms;}#frb_separator_21228132.frb_onScreen.frb_hinge {-webkit-animation-duration: 2000ms; animation-duration: 2000ms;}<\/style>\n<div id=\"frb_separator_21228132\" class=\"frb_separator \" style=\"border-top: 1px solid #bdc3c7; padding-bottom: 15px;\"><\/div>\n<style><\/style>\n<\/div>\n<div class=\"pbuilder_module\" data-shortcode=\"text\" data-modid=\"6\">\n<style type=\"text\/css\" scoped=\"scoped\">\n    #frb_text_1469371633, #frb_text_1469371633 *{letter-spacing:0px;}<br \/>\n    #frb_text_1469371633 a{color: rgb(1, 1, 1);}<br \/>\n    #frb_text_1469371633 a:hover{color: rgb(1, 1, 1);}@media only screen and (max-width : 768px) {<br \/>\n        #frb_text_1469371633{font-size:12px !important;}<br \/>\n        #frb_text_1469371633 .frb_button_icon{font-size:26px !important;}<br \/>\n      }<\/style>\n<style type=\"text\/css\" scoped=\"scoped\">#frb_text_1469371633.frb_onScreen.frb_animated {-webkit-animation-duration: 1000ms; animation-duration: 1000ms;}#frb_text_1469371633.frb_onScreen.frb_hinge {-webkit-animation-duration: 2000ms; animation-duration: 2000ms;}<\/style>\n<div id=\"frb_text_1469371633\" class=\"\" style=\"margin: 0px 0px 36px 0px; padding: 0px 0px 0px 0px; border: none; text-align: left; font-size: 30px; line-height: 40px;\">\n<div class=\"frb_text\" style=\"color: #010101;\">Wir vermieten eine gem\u00fctliche und frisch renovierte Ferienwohnung in der ersten Etage. Auf 120qm finden maximal 5 Personen in 3 Schlafzimmern und 5 Betten Platz. Die Wohnung liegt mitten im Zentrum von V\u00f6lklingen. Zu Fu\u00df maximal 10 Minuten zu jedem wichtigen Punkt der Stadt. Sie verf\u00fcgt \u00fcber 4 Zimmer, K\u00fcche, Bad und Raucherraum im Wintergarten<\/p>\n<p>Wir freuen uns auf Ihre Anfrage-<\/p>\n<p>Emilie Jonas &amp; Markus Schneider<br \/>\nTelefon: 06898 \u2013 28529 \u2013 Mobil: 0170 \u2013 7771004 \u2013 Email: info@ferienwohnung-voelklingen-city.de<\/p>\n<\/div>\n<\/div>\n<\/div>\n<\/div>\n<\/div>\n<div style=\"clear: both;\"><\/div>\n<\/div>\n<\/div>\n<style><\/style>\n<div class=\"pbuilder_row pbuilder_row_id_2\" data-rowtype=\"0\" data-rowid=\"2\">\n<div class=\"pbuilder_row_colwrapper\" style=\"padding: 0px 0px 0px 0px;\">\n<div class=\"pbuilder_column pbuilder_column-1-1\" data-colnumber=\"0\">\n<div class=\"pbuilder_column_background\" style=\"border: none;\"><\/div>\n<div class=\" pbuilder_column_inner pbuilder_droppable\">\n<div class=\"pbuilder_module\" data-shortcode=\"button\" data-modid=\"33\">\n<style type=\"text\/css\" scoped=\"scoped\">#frb_button_1277080108.frb_onScreen.frb_animated {-webkit-animation-duration: 1000ms; animation-duration: 1000ms;}#frb_button_1277080108.frb_onScreen.frb_hinge {-webkit-animation-duration: 2000ms; animation-duration: 2000ms;}<\/style>\n<div id=\"frb_button_1277080108\" class=\"\">\n<div class=\"frb_textcenter\"><a href=\"http:\/\/ferienwohnung-voelklingen-city.de\/?page_id=56\" target=\"_self\" rel=\"noopener\">Vollst\u00e4ndige Informationen hier<\/a><\/div>\n<div style=\"clear: both;\"><\/div>\n<\/div>\n<style>@media only screen and (max-width : 768px) {<br \/>\n        #frb_button_1277080108 .frb_button{font-size:20px !important;}<br \/>\n        #frb_button_1277080108 .frb_button_subtext{font-size:12px !important;}<br \/>\n    }<\/style>\n<\/div>\n<\/div>\n<\/div>\n<div style=\"clear: both;\"><\/div>\n<\/div>\n<\/div>\n<style><\/style>\n<div class=\"pbuilder_row pbuilder_row_id_0\" data-rowtype=\"3\" data-rowid=\"0\">\n<div class=\"pbuilder_row_colwrapper\" style=\"padding: 0px 0px 0px 0px;\">\n<div class=\"pbuilder_column pbuilder_column-1-3\" data-colnumber=\"0\">\n<div class=\"pbuilder_column_background\" style=\"border: none;\"><\/div>\n<div class=\" pbuilder_column_inner pbuilder_droppable\">\n<div class=\"pbuilder_module\" data-shortcode=\"text\" data-modid=\"30\">\n<style type=\"text\/css\" scoped=\"scoped\">\n    #frb_text_1159706602, #frb_text_1159706602 *{letter-spacing:0px;}<br \/>\n    #frb_text_1159706602 a{color: rgb(1, 1, 1);}<br \/>\n    #frb_text_1159706602 a:hover{color: #808080;}@media only screen and (max-width : 768px) {<br \/>\n        #frb_text_1159706602{font-size:12px !important;}<br \/>\n        #frb_text_1159706602 .frb_button_icon{font-size:26px !important;}<br \/>\n      }<\/style>\n<style type=\"text\/css\" scoped=\"scoped\">#frb_text_1159706602.frb_onScreen.frb_animated {-webkit-animation-duration: 1000ms; animation-duration: 1000ms;}#frb_text_1159706602.frb_onScreen.frb_hinge {-webkit-animation-duration: 2000ms; animation-duration: 2000ms;}<\/style>\n<div id=\"frb_text_1159706602\" class=\"\" style=\"margin: 0px 0px 36px 0px; padding: 0px 0px 0px 0px; border: none; text-align: left;\">\n<div class=\"frb_text\" style=\"color: #010101;\">(c) Markus Schneider<\/div>\n<\/div>\n<\/div>\n<\/div>\n<\/div>\n<div class=\"pbuilder_column pbuilder_column-2-3\" data-colnumber=\"1\">\n<div class=\"pbuilder_column_background\" style=\"border: none;\"><\/div>\n<div class=\" pbuilder_column_inner pbuilder_droppable\"><\/div>\n<\/div>\n<div style=\"clear: both;\"><\/div>\n<\/div>\n<\/div>\n<style><\/style>\n<\/div>\n<div style=\"clear: both;\"><\/div>\n<\/div>\n<div style=\"clear: both;\"><\/div>\n<\/div>\n","protected":false},"excerpt":{"rendered":"<p>Ferienwohnung oder Monteurwohnung im Herzen der Stadt V\u00f6lklingen Saarland Wir vermieten eine gem\u00fctliche und frisch renovierte Ferienwohnung in der ersten Etage. Auf 120qm finden maximal 5 Personen in 3 Schlafzimmern und 5 Betten Platz. Die Wohnung liegt mitten im Zentrum von V\u00f6lklingen. Zu Fu\u00df maximal 10 Minuten zu jedem wichtigen Punkt der Stadt. Sie verf\u00fcgt [&hellip;]<\/p>\n","protected":false},"author":1,"featured_media":0,"parent":0,"menu_order":0,"comment_status":"closed","ping_status":"closed","template":"","meta":{"footnotes":""},"class_list":["post-47","page","type-page","status-publish","hentry"],"_links":{"self":[{"href":"http:\/\/ferienwohnung-voelklingen-city.de\/index.php?rest_route=\/wp\/v2\/pages\/47","targetHints":{"allow":["GET"]}}],"collection":[{"href":"http:\/\/ferienwohnung-voelklingen-city.de\/index.php?rest_route=\/wp\/v2\/pages"}],"about":[{"href":"http:\/\/ferienwohnung-voelklingen-city.de\/index.php?rest_route=\/wp\/v2\/types\/page"}],"author":[{"embeddable":true,"href":"http:\/\/ferienwohnung-voelklingen-city.de\/index.php?rest_route=\/wp\/v2\/users\/1"}],"replies":[{"embeddable":true,"href":"http:\/\/ferienwohnung-voelklingen-city.de\/index.php?rest_route=%2Fwp%2Fv2%2Fcomments&post=47"}],"version-history":[{"count":42,"href":"http:\/\/ferienwohnung-voelklingen-city.de\/index.php?rest_route=\/wp\/v2\/pages\/47\/revisions"}],"predecessor-version":[{"id":338,"href":"http:\/\/ferienwohnung-voelklingen-city.de\/index.php?rest_route=\/wp\/v2\/pages\/47\/revisions\/338"}],"wp:attachment":[{"href":"http:\/\/ferienwohnung-voelklingen-city.de\/index.php?rest_route=%2Fwp%2Fv2%2Fmedia&parent=47"}],"curies":[{"name":"wp","href":"https:\/\/api.w.org\/{rel}","templated":true}]}}