{"id":156,"date":"2019-05-09T07:16:56","date_gmt":"2019-05-09T07:16:56","guid":{"rendered":"http:\/\/ferienwohnung-voelklingen-city.de\/?page_id=156"},"modified":"2023-08-08T11:46:04","modified_gmt":"2023-08-08T11:46:04","slug":"ferienwohnung-in-voelklingen-city-2-2-4-2-3","status":"publish","type":"page","link":"http:\/\/ferienwohnung-voelklingen-city.de\/?page_id=156","title":{"rendered":"Preisliste"},"content":{"rendered":"<div id=\"pbuilder_wrapper\">\n<div id=\"pbuilder_content_wrapper\">\n<div id=\"pbuilder_content\">\n<div class=\"pbuilder_row pbuilder_row_id_9\" data-rowtype=\"0\" data-rowid=\"9\">\n<div class=\"pbuilder_row_colwrapper\" style=\"padding: 0px 0px 0px 0px;\">\n<div class=\"pbuilder_column pbuilder_column-1-1\" data-colnumber=\"0\">\n<div class=\" pbuilder_column_inner pbuilder_droppable\">\n<div class=\"pbuilder_module\" data-shortcode=\"image\" data-modid=\"0\">\n<style type=\"text\/css\" scoped=\"scoped\">#frb_image_896997833.frb_onScreen.frb_animated {-webkit-animation-duration: 1000ms; animation-duration: 1000ms;}#frb_image_896997833.frb_onScreen.frb_hinge {-webkit-animation-duration: 2000ms; animation-duration: 2000ms;}<\/style>\n<style type=\"text\/css\" scoped=\"scoped\">#frb_image_896997833 .frb_image_hover {background:#000000;}<\/style>\n<div id=\"frb_image_896997833\" class=\"\">\n<div class=\"frb_image\"><span style=\"text-align: center; width: 100%; display: block;\"><span class=\"frb_image_inner frb_image_border \" data-bordercolor=\"#376a6e\" data-borderhover=\"#376a6e\"><br \/>\n<img decoding=\"async\" id=\"\" class=\" frb_image_flat\" style=\"margin: 0px 0px 0px 0px; padding: 0px 0px 0px 0px; border: none; box-sizing: border-box; margin-left: auto; margin-right: auto;\" title=\"Ferienwohnungen-in-Voelklingen22-1\" src=\"http:\/\/ferienwohnung-voelklingen-city.de\/wp-content\/uploads\/2019\/05\/Ferienwohnungen-in-Voelklingen22-1.png\" alt=\"Ferienwohnungen-in-Voelklingen22-1\" \/><br \/>\n<i class=\"frb_icon fa fa-search\" style=\"line-height: 30px; font-size: 30px; height: 30px; width: 30px; margin: -15px;\"><\/i><\/span><\/span><\/div>\n<\/div>\n<style><\/style>\n<\/div>\n<\/div>\n<\/div>\n<div style=\"clear: both;\"><\/div>\n<\/div>\n<\/div>\n<style><\/style>\n<div class=\"pbuilder_row pbuilder_row_id_11\" data-rowtype=\"0\" data-rowid=\"11\">\n<div class=\"pbuilder_row_colwrapper\" style=\"padding: 0px 0px 0px 0px;\">\n<div class=\"pbuilder_column pbuilder_column-1-1\" data-colnumber=\"0\">\n<div class=\" pbuilder_column_inner pbuilder_droppable\">\n<div class=\"pbuilder_module\" data-shortcode=\"menu\" data-modid=\"28\">\n<style type=\"text\/css\" scoped=\"\">#frb_menu1036185749.frb_onScreen.frb_animated {-webkit-animation-duration: 1000ms; animation-duration: 1000ms;}#frb_menu1036185749.frb_onScreen.frb_hinge {-webkit-animation-duration: 2000ms; animation-duration: 2000ms;}<\/style>\n<div id=\"#frb_menu1036185749\" class=\"\" style=\"margin: 0px 0px 36px 0px; padding: 0px 0px 0px 0px; border: none; ; box-sizing: border-box;\">\n<style type=\"text\/css\" scoped=\"\">\n\t\t#frb_menu1036185749 {<br \/>\n\t\t\tbackground:;<br \/>\n\t\t}<br \/>\n\t\t#frb_menu1036185749 ul.frb_menu a {<br \/>\n\t\t\tcolor:rgb(11, 20, 241);<br \/>\n\t\t}<br \/>\n\t\t#frb_menu1036185749 ul.frb_menu ul.sub-menu a {<br \/>\n\t\t\tcolor:#808080;<br \/>\n\t\t}<br \/>\n\t\t#frb_menu1036185749 .frb_menu_header {<br \/>\n\t\t\tcolor:rgb(11, 20, 241);<br \/>\n\t\t\tborder-bottom:1px solid #27a8e1;<br \/>\n\t\t}<br \/>\n\t\t#frb_menu1036185749 ul.frb_menu ul.sub-menu li {<br \/>\n\t\t\tbackground:#f4f4f4;<br \/>\n\t\t}<\/p>\n<p>\t\t#frb_menu1036185749 ul.frb_menu.frb_menu_horizontal-clean ul.sub-menu:before {<br \/>\n\t\t\tborder-bottom-color:#27a8e1;<br \/>\n\t\t}<br \/>\n\t\t#frb_menu1036185749 ul.frb_menu.frb_menu_horizontal-clean ul.sub-menu:after {<br \/>\n\t\t\tborder-bottom-color:#f4f4f4;<br \/>\n\t\t}<br \/>\n\t\t#frb_menu1036185749 ul.frb_menu.frb_menu_horizontal-clean ul.sub-menu a {<br \/>\n\t\t\tborder-top:1px solid #ebecee;<br \/>\n\t\t}<\/p>\n<p>\t\t#frb_menu1036185749 ul.frb_menu.frb_menu_horizontal-clean ul.sub-menu li:first-child a {<br \/>\n\t\t\tborder-top:1px solid #27a8e1;<br \/>\n\t\t}<br \/>\n\t\t#frb_menu1036185749 ul.frb_menu.frb_menu_horizontal-squared ul.sub-menu:before,<br \/>\n\t\t#frb_menu1036185749 ul.frb_menu.frb_menu_horizontal-squared ul.sub-menu:after,<br \/>\n\t\t#frb_menu1036185749 ul.frb_menu.frb_menu_horizontal-rounded ul.sub-menu:before,<br \/>\n\t\t#frb_menu1036185749 ul.frb_menu.frb_menu_horizontal-rounded ul.sub-menu:after {<br \/>\n\t\t\tborder-bottom-color:#f4f4f4;<br \/>\n\t\t}<\/p>\n<p>\t\t#frb_menu1036185749.frb_menu_container_vertical-clean .frb_menu_header,<br \/>\n\t\t#frb_menu1036185749.frb_menu_container_vertical-squared .frb_menu_header,<br \/>\n\t\t#frb_menu1036185749.frb_menu_container_vertical-rounded .frb_menu_header{<br \/>\n\t\t\tcolor:rgb(11, 20, 241);<br \/>\n\t\t}<br \/>\n\t\t#frb_menu1036185749.frb_menu_container_vertical-clean ul.frb_menu,<br \/>\n\t\t#frb_menu1036185749.frb_menu_container_vertical-squared ul.frb_menu,<br \/>\n\t\t#frb_menu1036185749.frb_menu_container_vertical-rounded ul.frb_menu {<br \/>\n\t\t\tbackground:#f4f4f4;<br \/>\n\t\t}<br \/>\n\t\t#frb_menu1036185749.frb_menu_container_vertical-clean ul.frb_menu a,<br \/>\n\t\t#frb_menu1036185749.frb_menu_container_vertical-squared ul.frb_menu a,<br \/>\n\t\t#frb_menu1036185749.frb_menu_container_vertical-rounded ul.frb_menu a{<br \/>\n        \tcolor:rgb(11, 20, 241);<br \/>\n        }<br \/>\n\t\t#frb_menu1036185749.frb_menu_container_vertical-clean ul.frb_menu ul.sub-menu a,<br \/>\n\t\t#frb_menu1036185749.frb_menu_container_vertical-squared ul.frb_menu ul.sub-menu a,<br \/>\n\t\t#frb_menu1036185749.frb_menu_container_vertical-rounded ul.frb_menu ul.sub-menu a  {<br \/>\n\t\t\tcolor:#808080;<br \/>\n\t\t}<\/p>\n<p>\t\t#frb_menu1036185749 ul.frb_menu.frb_menu_vertical-clean a,<br \/>\n\t\t#frb_menu1036185749 ul.frb_menu.frb_menu_vertical-squared a,<br \/>\n\t\t#frb_menu1036185749 ul.frb_menu.frb_menu_vertical-rounded a,<br \/>\n\t\t#frb_menu1036185749 ul.frb_menu.frb_menu_vertical-clean > li > ul.sub-menu,<br \/>\n\t\t#frb_menu1036185749 ul.frb_menu.frb_menu_vertical-squared > li > ul.sub-menu,<br \/>\n\t\t#frb_menu1036185749 ul.frb_menu.frb_menu_vertical-rounded > li > ul.sub-menu {<br \/>\n\t\t\tborder-top:1px solid #ebecee;<br \/>\n\t\t}<br \/>\n\t\t#frb_menu1036185749 ul.frb_menu.frb_menu_vertical-clean li:first-child a,<br \/>\n\t\t#frb_menu1036185749 ul.frb_menu.frb_menu_vertical-squared li:first-child a,<br \/>\n\t\t#frb_menu1036185749 ul.frb_menu.frb_menu_vertical-rounded li:first-child a,<br \/>\n\t\t#frb_menu1036185749 ul.frb_menu.frb_menu_vertical-clean ul.sub-menu a,<br \/>\n\t\t#frb_menu1036185749 ul.frb_menu.frb_menu_vertical-squared ul.sub-menu a,<br \/>\n\t\t#frb_menu1036185749 ul.frb_menu.frb_menu_vertical-rounded ul.sub-menu a {<br \/>\n\t\t\tborder-top:0;<br \/>\n\t\t}<br \/>\n\t\t#frb_menu1036185749.frb_menu_container_dropdown-clean .frb_menu_header,<br \/>\n\t\t#frb_menu1036185749.frb_menu_container_dropdown-squared .frb_menu_header,<br \/>\n\t\t#frb_menu1036185749.frb_menu_container_dropdown-rounded .frb_menu_header {<br \/>\n\t\t\tcolor:rgb(11, 20, 241);<br \/>\n\t\t\tborder:0;<br \/>\n\t\t}<br \/>\n\t\t#frb_menu1036185749.frb_menu_container_dropdown-clean .frb_menu_header:before,<br \/>\n\t\t#frb_menu1036185749.frb_menu_container_dropdown-squared .frb_menu_header:before,<br \/>\n\t\t#frb_menu1036185749.frb_menu_container_dropdown-rounded .frb_menu_header:before {<br \/>\n\t\t\tbackground:rgb(11, 20, 241);<br \/>\n\t\t}<br \/>\n\t\t#frb_menu1036185749.frb_menu_container_dropdown-clean .frb_menu_header:after,<br \/>\n\t\t#frb_menu1036185749.frb_menu_container_dropdown-squared .frb_menu_header:after,<br \/>\n\t\t#frb_menu1036185749.frb_menu_container_dropdown-rounded .frb_menu_header:after {<br \/>\n\t\t\tborder-top-color:rgb(11, 20, 241);<br \/>\n\t\t}<\/p>\n<p>\t\t#frb_menu1036185749.frb_menu_container_dropdown-clean ul.frb_menu:before {<br \/>\n\t\t\tborder-bottom-color:#27a8e1;<br \/>\n\t\t}<br \/>\n\t\t#frb_menu1036185749.frb_menu_container_dropdown-clean ul.frb_menu:after {<br \/>\n\t\t\tborder-bottom-color:#f4f4f4;<br \/>\n\t\t}<\/p>\n<p>\t\t#frb_menu1036185749.frb_menu_container_dropdown-squared ul.frb_menu:before,<br \/>\n\t\t#frb_menu1036185749.frb_menu_container_dropdown-squared ul.frb_menu:after,<br \/>\n\t\t#frb_menu1036185749.frb_menu_container_dropdown-rounded ul.frb_menu:before,<br \/>\n\t\t#frb_menu1036185749.frb_menu_container_dropdown-rounded ul.frb_menu:after {<br \/>\n\t\t\tborder-bottom-color:#f4f4f4;<\/p>\n<p>\t\t}<\/p>\n<p>\t\t#frb_menu1036185749.frb_menu_container_dropdown-clean ul.frb_menu li,<br \/>\n\t\t#frb_menu1036185749.frb_menu_container_dropdown-squared ul.frb_menu li,<br \/>\n\t\t#frb_menu1036185749.frb_menu_container_dropdown-rounded ul.frb_menu li {<br \/>\n\t\t\tbackground:#f4f4f4;<br \/>\n\t\t}<br \/>\n\t\t#frb_menu1036185749.frb_menu_container_dropdown-clean ul.frb_menu li a {<br \/>\n\t\t\tcolor:#808080;<br \/>\n\t\t\tborder-top:1px solid #ebecee;<br \/>\n\t\t}<br \/>\n\t\t#frb_menu1036185749.frb_menu_container_dropdown-squared ul.frb_menu li a,<br \/>\n\t\t#frb_menu1036185749.frb_menu_container_dropdown-rounded ul.frb_menu li a {<br \/>\n\t\t\tcolor:#808080;<br \/>\n\t\t}<br \/>\n\t\t#frb_menu1036185749.frb_menu_container_dropdown-squared ul.frb_menu li a,<br \/>\n\t\t#frb_menu1036185749.frb_menu_container_dropdown-rounded ul.frb_menu li a {<br \/>\n\t\t\tcolor:#808080;<br \/>\n\t\t}<br \/>\n\t\t#frb_menu1036185749.frb_menu_container_dropdown-clean ul.frb_menu li:first-child a {<br \/>\n\t\t\tborder-top:1px solid #27a8e1;<br \/>\n\t\t}<\/p>\n<\/style>\n<\/div>\n<style><\/style>\n<\/div>\n<\/div>\n<\/div>\n<div style=\"clear: both;\"><\/div>\n<\/div>\n<\/div>\n<style><\/style>\n<div class=\"pbuilder_row pbuilder_row_id_1\" style=\"border: none;\" data-rowtype=\"0\" data-rowid=\"1\">\n<div class=\"pbuilder_row_colwrapper\" style=\"margin-top: 36px; padding: 10px 20px 10px 20px;\">\n<div class=\"pbuilder_column pbuilder_column-1-1\" data-colnumber=\"0\">\n<div class=\"pbuilder_column_background\"><\/div>\n<div class=\" pbuilder_column_inner pbuilder_droppable\">\n<div class=\"pbuilder_module\" data-shortcode=\"text\" data-modid=\"7\">\n<style type=\"text\/css\" scoped=\"scoped\">\n    #frb_text_1640861661, #frb_text_1640861661 *{letter-spacing:0px;}<br \/>\n    #frb_text_1640861661 a{color: #111111;}<br \/>\n    #frb_text_1640861661 a:hover{color: #444444;}@media only screen and (max-width : 768px) {<br \/>\n        #frb_text_1640861661{font-size:12px !important;}<br \/>\n        #frb_text_1640861661 .frb_button_icon{font-size:26px !important;}<\/p>\n<p>      }<\/style>\n<style type=\"text\/css\" scoped=\"scoped\">#frb_text_1640861661.frb_onScreen.frb_animated {-webkit-animation-duration: 1000ms; animation-duration: 1000ms;}#frb_text_1640861661.frb_onScreen.frb_hinge {-webkit-animation-duration: 2000ms; animation-duration: 2000ms;}<\/style>\n<div id=\"frb_text_1640861661\" class=\"\" style=\"margin: 36px 0px 10px 0px; padding: 0px 0px 0px 0px; border: none; text-align: left; font-size: 30px; line-height: 40px;\">\n<div class=\"frb_text\" style=\"color: #111111;\"><strong>Preisliste f\u00fcr Ferienwohnung in 66333 V\u00f6lklingen, Moltkestrasse 64 Erste Etage<\/strong><\/div>\n<\/div>\n<\/div>\n<div class=\"pbuilder_module\" data-shortcode=\"text\" data-modid=\"6\">\n<style type=\"text\/css\" scoped=\"scoped\">\n    #frb_text_1582260258, #frb_text_1582260258 *{letter-spacing:0px;}<br \/>\n    #frb_text_1582260258 a{color: rgb(1, 1, 1);}<br \/>\n    #frb_text_1582260258 a:hover{color: rgb(1, 1, 1);}@media only screen and (max-width : 768px) {<br \/>\n        #frb_text_1582260258{font-size:12px !important;}<br \/>\n        #frb_text_1582260258 .frb_button_icon{font-size:26px !important;}<\/p>\n<p>      }<\/style>\n<style type=\"text\/css\" scoped=\"scoped\">#frb_text_1582260258.frb_onScreen.frb_animated {-webkit-animation-duration: 1000ms; animation-duration: 1000ms;}#frb_text_1582260258.frb_onScreen.frb_hinge {-webkit-animation-duration: 2000ms; animation-duration: 2000ms;}<\/style>\n<div id=\"frb_text_1582260258\" class=\"\" style=\"margin: 0px 0px 36px 0px; padding: 0px 0px 0px 0px; border: none; text-align: left; font-size: 30px; line-height: 40px;\">\n<div class=\"frb_text\" style=\"color: #010101;\"><\/div>\n<\/div>\n<\/div>\n<\/div>\n<\/div>\n<div style=\"clear: both;\"><\/div>\n<\/div>\n<\/div>\n<style><\/style>\n<div class=\"pbuilder_row pbuilder_row_id_2\" data-rowtype=\"0\" data-rowid=\"2\">\n<div class=\"pbuilder_row_colwrapper\" style=\"padding: 0px 0px 0px 0px;\">\n<div class=\"pbuilder_column pbuilder_column-1-1\" data-colnumber=\"0\">\n<div class=\"pbuilder_column_background\" style=\"border: none;\"><\/div>\n<div class=\" pbuilder_column_inner pbuilder_droppable\">\n<div class=\"pbuilder_module\" data-shortcode=\"text\" data-modid=\"21\">\n<style type=\"text\/css\" scoped=\"scoped\">\n    #frb_text_99867365, #frb_text_99867365 *{letter-spacing:0px;}<br \/>\n    #frb_text_99867365 a{color: rgb(9, 0, 0);}<br \/>\n    #frb_text_99867365 a:hover{color: rgb(11, 0, 0);}@media only screen and (max-width : 768px) {<br \/>\n        #frb_text_99867365{font-size:12px !important;}<br \/>\n        #frb_text_99867365 .frb_button_icon{font-size:26px !important;}<\/p>\n<p>      }<\/style>\n<style type=\"text\/css\" scoped=\"scoped\">#frb_text_99867365.frb_onScreen.frb_animated {-webkit-animation-duration: 1000ms; animation-duration: 1000ms;}#frb_text_99867365.frb_onScreen.frb_hinge {-webkit-animation-duration: 2000ms; animation-duration: 2000ms;}<\/style>\n<div id=\"frb_text_99867365\" class=\"\" style=\"margin: 0px 0px 36px 0px; padding: 0px 0px 0px 0px; border: none; text-align: left; font-size: 30px; line-height: 40px;\">\n<div class=\"frb_text\" style=\"color: #090000;\">Eine \u00dcbernachtung f\u00fcr 1-2 Personen<\/p>\n<p>Nutzung 80qm mit einem Schlafzimmer 48 Euro<\/p>\n<p>Nutzung 120qm mit drei Schlafzimmern 58 Euro<\/p>\n<p>F\u00fcr jede weitere Person pro \u00dcbernachtung 15 Euro zus\u00e4tzlich.<\/p>\n<p>Diese Preise gelten f\u00fcr Buchungen ab 3 Tage aufw\u00e4rts.<\/p>\n<p>Endreinigungskosten 30 Euro<\/p>\n<\/div>\n<\/div>\n<\/div>\n<\/div>\n<\/div>\n<div style=\"clear: both;\"><\/div>\n<\/div>\n<\/div>\n<style><\/style>\n<div class=\"pbuilder_row pbuilder_row_id_3\" data-rowtype=\"0\" data-rowid=\"3\">\n<div class=\"pbuilder_row_colwrapper\" style=\"padding: 0px 0px 0px 0px;\">\n<div class=\"pbuilder_column pbuilder_column-1-1\" data-colnumber=\"0\">\n<div class=\"pbuilder_column_background\" style=\"border: none;\"><\/div>\n<div class=\" pbuilder_column_inner pbuilder_droppable\"><\/div>\n<\/div>\n<div style=\"clear: both;\"><\/div>\n<\/div>\n<\/div>\n<style><\/style>\n<div class=\"pbuilder_row pbuilder_row_id_0\" data-rowtype=\"3\" data-rowid=\"0\">\n<div class=\"pbuilder_row_colwrapper\" style=\"padding: 0px 0px 0px 0px;\">\n<div class=\"pbuilder_column pbuilder_column-1-3\" data-colnumber=\"0\">\n<div class=\"pbuilder_column_background\" style=\"border: none;\"><\/div>\n<div class=\" pbuilder_column_inner pbuilder_droppable\">\n<div class=\"pbuilder_module\" data-shortcode=\"text\" data-modid=\"30\">\n<style type=\"text\/css\" scoped=\"scoped\">\n    #frb_text_1941784002, #frb_text_1941784002 *{letter-spacing:0px;}<br \/>\n    #frb_text_1941784002 a{color: #808080;}<br \/>\n    #frb_text_1941784002 a:hover{color: #808080;}@media only screen and (max-width : 768px) {<br \/>\n        #frb_text_1941784002{font-size:12px !important;}<br \/>\n        #frb_text_1941784002 .frb_button_icon{font-size:26px !important;}<\/p>\n<p>      }<\/style>\n<style type=\"text\/css\" scoped=\"scoped\">#frb_text_1941784002.frb_onScreen.frb_animated {-webkit-animation-duration: 1000ms; animation-duration: 1000ms;}#frb_text_1941784002.frb_onScreen.frb_hinge {-webkit-animation-duration: 2000ms; animation-duration: 2000ms;}<\/style>\n<div id=\"frb_text_1941784002\" class=\"\" style=\"margin: 0px 0px 36px 0px; padding: 0px 0px 0px 0px; border: none; text-align: left;\">\n<div class=\"frb_text\" style=\"color: #808080;\">(c) Markus Schneider<\/div>\n<\/div>\n<\/div>\n<\/div>\n<\/div>\n<div class=\"pbuilder_column pbuilder_column-2-3\" data-colnumber=\"1\">\n<div class=\"pbuilder_column_background\" style=\"border: none;\"><\/div>\n<div class=\" pbuilder_column_inner pbuilder_droppable\"><\/div>\n<\/div>\n<div style=\"clear: both;\"><\/div>\n<\/div>\n<\/div>\n<style><\/style>\n<\/div>\n<div style=\"clear: both;\"><\/div>\n<\/div>\n<div style=\"clear: both;\"><\/div>\n<\/div>\n","protected":false},"excerpt":{"rendered":"<p>Preisliste f\u00fcr Ferienwohnung in 66333 V\u00f6lklingen, Moltkestrasse 64 Erste Etage Eine \u00dcbernachtung f\u00fcr 1-2 Personen Nutzung 80qm mit einem Schlafzimmer 48 Euro Nutzung 120qm mit drei Schlafzimmern 58 Euro F\u00fcr jede weitere Person pro \u00dcbernachtung 15 Euro zus\u00e4tzlich. Diese Preise gelten f\u00fcr Buchungen ab 3 Tage aufw\u00e4rts. Endreinigungskosten 30 Euro (c) Markus Schneider<\/p>\n","protected":false},"author":1,"featured_media":0,"parent":0,"menu_order":0,"comment_status":"closed","ping_status":"closed","template":"","meta":{"footnotes":""},"class_list":["post-156","page","type-page","status-publish","hentry"],"_links":{"self":[{"href":"http:\/\/ferienwohnung-voelklingen-city.de\/index.php?rest_route=\/wp\/v2\/pages\/156","targetHints":{"allow":["GET"]}}],"collection":[{"href":"http:\/\/ferienwohnung-voelklingen-city.de\/index.php?rest_route=\/wp\/v2\/pages"}],"about":[{"href":"http:\/\/ferienwohnung-voelklingen-city.de\/index.php?rest_route=\/wp\/v2\/types\/page"}],"author":[{"embeddable":true,"href":"http:\/\/ferienwohnung-voelklingen-city.de\/index.php?rest_route=\/wp\/v2\/users\/1"}],"replies":[{"embeddable":true,"href":"http:\/\/ferienwohnung-voelklingen-city.de\/index.php?rest_route=%2Fwp%2Fv2%2Fcomments&post=156"}],"version-history":[{"count":11,"href":"http:\/\/ferienwohnung-voelklingen-city.de\/index.php?rest_route=\/wp\/v2\/pages\/156\/revisions"}],"predecessor-version":[{"id":346,"href":"http:\/\/ferienwohnung-voelklingen-city.de\/index.php?rest_route=\/wp\/v2\/pages\/156\/revisions\/346"}],"wp:attachment":[{"href":"http:\/\/ferienwohnung-voelklingen-city.de\/index.php?rest_route=%2Fwp%2Fv2%2Fmedia&parent=156"}],"curies":[{"name":"wp","href":"https:\/\/api.w.org\/{rel}","templated":true}]}}